{"id":1419,"date":"2019-03-19T08:52:39","date_gmt":"2019-03-19T08:52:39","guid":{"rendered":"http:\/\/www.tractaricamioaneauto.ro\/?page_id=1419"},"modified":"2019-03-19T08:52:39","modified_gmt":"2019-03-19T08:52:39","slug":"termeni-si-conditii","status":"publish","type":"page","link":"https:\/\/www.tractaricamioaneauto.ro\/?page_id=1419","title":{"rendered":"Termeni si Conditii"},"content":{"rendered":"<div class=\"entry-content\">\n<p><strong>POLITICA DE PRELUCRARE A DATELOR CU CARACTER PERSONAL<\/strong><\/p>\n<p><strong>ANGAJAMENTUL NOSTRU CU PRIVIRE LA DATELE DUMNEAVOASTR\u00c4\u201a CU CARACTER PERSONAL<\/strong><br \/>\nPolitica de Prelucrare a Datelor cu Caracter Personal descrie categoriile datelor dumneavoastr\u00c4\u0083 cu caracter personal pe care le prelucr\u00c4\u0083m, modalit\u00c4\u0083\u010c\u203aile \u010c\u2122i scopurile \u0102\u00aen care le colect\u00c4\u0083m, \u0102\u00aen ce situa\u010c\u203aii transfer\u00c4\u0083m date cu caracter personal, precum \u010c\u2122i drepturile \u010c\u2122i op\u010c\u203aiunile de care dispune\u010c\u203ai \u0102\u00aen acest sens. \u0102\u017dn acela\u010c\u2122i timp, Politica de Prelucrare a Datelor cu Caracter Personal detaliaz\u00c4\u0083 modul \u0102\u00aen care prelucr\u00c4\u0083m datele cu caracter personal \u0102\u00aen gestionarea rela\u010c\u203aiei cu clien\u010c\u203aii, cel mai adesea pentru a v\u00c4\u0083 \u010c\u203aine la curent cu cele mai recente evolu\u010c\u203aii sau evenimente din domeniul dumneavoastr\u00c4\u0083 de interes.<br \/>\n<strong>OPERATORUL DATELOR DUMNEAVOASTR\u00c4\u201a CU CARACTER\u00c2\u00a0 PERSONAL<\/strong><br \/>\nOperatorul \u0102\u00aen rela\u010c\u203aia cu datele dvs. cu caracter personal este Lancetti Transport SRL, cu sediul \u0102\u00aen Oradea, b-dul Stefan Cel Mare, nr. 74, jud Bihor, \u0102\u00aenregistrat\u00c4\u0083 la Registrul Comer\u0139\u0141ului sub nr. J05\/1565\/2005, CUI RO17792550 \u0102\u00aen calitate de proprietar al website-ului www.lancetti.ro; www.tractaricamioaneauto.ro<\/p>\n<p><strong>CATEGORII DE DATE CU CARACTER PERSONAL PRELUCRATE<\/strong><br \/>\nDatele cu caracter personal pe care le prelucr\u00c4\u0083m pot include:<br \/>\n\u00e2\u20ac\u02d8 Informa\u010c\u203aii de contact, cum ar fi numele dumneavoastr\u00c4\u0083, adresa po\u010c\u2122tal\u00c4\u0083, inclusiv adresa de domiciliu, \u0102\u00aen cazul \u0102\u00aen care ne-a\u010c\u203ai comunicat-o, adresa profesional\u00c4\u0083, num\u00c4\u0083rul de telefon, num\u00c4\u0083rul de telefon mobil, num\u00c4\u0083rul de fax \u010c\u2122i adresa de e-mail;<br \/>\n\u00e2\u20ac\u02d8 Datele rezultate din navigarea dvs. pe pagina noastr\u00c4\u0083 de internet colectate prin intermediul cookie-urilor \u010c\u2122i a tehnologiilor similare<\/p>\n<p><strong>TEMEIURILE JURIDICE PENTRU PRELUCRAREA DATELOR CU CARACTER PERSONAL<\/strong><br \/>\nOrice opera\u010c\u203aiune de prelucrare a datelor dumneavoastr\u00c4\u0083 cu caracter personal va fi efectuat\u00c4\u0083 pe baza unuia dintre temeiurile juridice de mai jos:<br \/>\n\u00e2\u20ac\u02d8 Prelucrarea este necesar\u00c4\u0083 pentru \u0102\u00aencheierea sau executarea unui contract la care dumneavoastr\u00c4\u0083 sunte\u010c\u203ai parte;<br \/>\n\u00e2\u20ac\u02d8 Prelucrarea este necesar\u00c4\u0083 \u0102\u00aen vederea respect\u00c4\u0083rii unei obliga\u010c\u203aii legale a operatorului;<br \/>\n\u00e2\u20ac\u02d8 Prelucrarea este efectuat\u00c4\u0083 \u0102\u00aen temeiul consim\u010c\u203a\u00c4\u0083m\u0102\u02d8ntului dumneavoastr\u00c4\u0083;<br \/>\n\u00e2\u20ac\u02d8 Prelucrarea este necesar\u00c4\u0083 \u0102\u00aen vederea protej\u00c4\u0083rii intereselor vitale ale dumneavoastr\u00c4\u0083 sau ale altei persoane fizice;<br \/>\n\u00e2\u20ac\u02d8 Prelucrarea este necesar\u00c4\u0083 \u0102\u00aen scopul intereselor legitime ale Lancetti Transport SRL sau ale unui ter\u010c\u203a, cu excep\u010c\u203aia cazurilor \u0102\u00aen care interesele sau drepturile \u010c\u2122i libert\u00c4\u0083\u010c\u203aile dumneavoastr\u00c4\u0083 fundamentale prevaleaz\u00c4\u0083 asupra acestor interese;<br \/>\n\u00e2\u20ac\u02d8 \u0102\u017dn cazul categoriilor speciale de date, prelucrarea se va face dac\u00c4\u0083, pe l\u0102\u02d8ng\u00c4\u0083 un temei juridic general de prelucrare a datelor, vor fi \u0102\u00aentrunite \u010c\u2122i una dintre urm\u00c4\u0083toarele condi\u010c\u203aii specifice de prelucrare:<br \/>\n\u00e2\u2014\u00a6 A fost ob\u010c\u203ainut consim\u010c\u203aim\u0102\u02d8ntul persoanei vizate;<br \/>\n\u00e2\u2014\u00a6 Avem o obliga\u010c\u203aie legal\u00c4\u0083 de prelucrare a acestor categorii de date;<br \/>\n\u00e2\u2014\u00a6 Prelucrarea este necesar\u00c4\u0083 pentru constatarea, exercitarea sau ap\u00c4\u0083rarea unui drept \u0102\u00aen instan\u010c\u203a\u00c4\u0083.<\/p>\n<p><strong>\u0102\u017dN CE SCOPURI V\u00c4\u201a PRELUCR\u00c4\u201aM DATELE CU CARACTER PERSONAL?<\/strong><br \/>\nV\u00c4\u0083 putem folosi datele cu caracter personal \u0102\u00aen urm\u00c4\u0083toarele scopuri (\u00e2\u20ac\u017eScopuri Permise\u00e2\u20ac\u0165):<br \/>\n\u00e2\u20ac\u02d8 Oferirea de servicii de transport marfa, servicii de tractari, servicii spalare autoutilitaresi parcare.<br \/>\n\u00e2\u20ac\u02d8 Gestionarea \u010c\u2122i administrarea rela\u010c\u203aiei contractuale cu clien\u010c\u203aii no\u010c\u2122tri;<br \/>\n\u00e2\u20ac\u02d8 Respectarea obliga\u010c\u203aiilor noastre legale<br \/>\n\u00e2\u20ac\u02d8 Analizarea \u010c\u2122i \u0102\u00aembun\u00c4\u0083t\u00c4\u0083\u010c\u203airea serviciilor \u010c\u2122i comunic\u00c4\u0083rilor noastre c\u00c4\u0083tre dumneavoastr\u00c4\u0083, inclusiv\u00c2\u00a0 (\u0102\u00aentruc\u0102\u02d8t avem un interes legitim s\u00c4\u0083 ne \u0102\u00aembun\u00c4\u0083t\u00c4\u0083\u010c\u203aim \u0102\u00aen mod continuu serviciile) efectuarea de sondaje \u0102\u00aen r\u0102\u02d8ndul clien\u010c\u203ailor cu privire la nivelul de satisfac\u010c\u203aie al clien\u010c\u203ailor cu privire serviciile oferite de societatea Lancetti Transport SRL \u010c\u2122i<br \/>\n\u00e2\u20ac\u02d8 \u0102\u017dn orice scop aferent \u010c\u2122i\/sau auxiliar oric\u00c4\u0083rora dintre cele de mai sus, sau \u0102\u00aen orice alt scop pentru care datele dumneavoastr\u00c4\u0083 cu caracter personal ne-au fost furnizate, cu respectarea legisla\u010c\u203aiei aplicabile.<br \/>\nDe asemenea, pe baza consim\u010c\u203a\u00c4\u0083m\u0102\u02d8ntului dumneavoastr\u00c4\u0083, v\u00c4\u0083 putem transmite diverse comunic\u00c4\u0083ri prin canalele pe care le-a\u010c\u203ai aprobat pentru a v\u00c4\u0083 \u010c\u203aine la curent cu privire la serviciile, produsele, evenimentele \u010c\u2122i proiectele Lancetti Transport SRL sau alte evenimente promo\u010c\u203aionale.<\/p>\n<p><strong>C\u0102\u201aT TIMP P\u00c4\u201aSTR\u00c4\u201aM DATELE DUMNEAVOASTR\u00c4\u201a CU CARACTER PERSONAL?<\/strong><br \/>\nLancetti Transport SRL a implementat m\u00c4\u0083suri tehnice \u010c\u2122i organizatorice pentru organizarea procesului \u010c\u2122i a criteriilor specifice pentru p\u00c4\u0083strarea datelor dumneavoastr\u00c4\u0083 cu caracter personal (inclusiv conform procedurilor noastre de arhivare).<br \/>\nVom \u0102\u00aenceta prelucrarea datelor cu caracter personal atunci c\u0102\u02d8nd nu mai sunt necesare \u0102\u00aen mod rezonabil \u0102\u00aen Scopurile Permise, ori atunci c\u0102\u02d8nd v\u00c4\u0083 retrage\u010c\u203ai consim\u010c\u203a\u00c4\u0083m\u0102\u02d8ntul (dac\u00c4\u0083 este cazul) \u010c\u2122i nu mai exist\u00c4\u0083 motive legitime \u010c\u2122i imperioase care justific\u00c4\u0083 prelucrarea \u0102\u00aen continuare de c\u00c4\u0083tre Lancetti Transport SRL (inclusiv obliga\u010c\u203aia legal\u00c4\u0083 a Lancetti Transport SRL de a continua s\u00c4\u0083 stocheze datele respective) \u010c\u2122i care prevaleaz\u00c4\u0083 asupra intereselor, drepturilor \u010c\u2122i libert\u00c4\u0083\u010c\u203ailor dumneavoastr\u00c4\u0083.<\/p>\n<p><strong>DREPTURILE DUMNEAVOASTR\u00c4\u201a \u0102\u017dN LEG\u00c4\u201aTUR\u00c4\u201a CU PRELUCRAREA DATELOR CU CARACTER PERSONAL<\/strong><br \/>\nSub rezerva anumitor condi\u010c\u203aii legale, ave\u010c\u203ai urm\u00c4\u0083toarele drepturi \u0102\u00aen leg\u00c4\u0083tur\u00c4\u0083 cu prelucrarea datelor dumneavoastr\u00c4\u0083 cu caracter personal:<br \/>\n\u00e2\u20ac\u02d8 Dreptul de a solicita o copie a datelor cu caracter personal referitoare la dumneavoastr\u00c4\u0083 pe care le de\u010c\u203ainem;<br \/>\n\u00e2\u20ac\u02d8 Dreptul la rectificarea oric\u00c4\u0083ror date cu caracter personal incorecte sau incomplete;<br \/>\n\u00e2\u20ac\u02d8 Dreptul la opozi\u010c\u203aie sau la restric\u010c\u203aionarea utiliz\u00c4\u0083rii de c\u00c4\u0083tre noi a datelor dumneavoastr\u00c4\u0083 cu caracter personal;<br \/>\n\u00e2\u20ac\u02d8 Dreptul de a v\u00c4\u0083 retrage consim\u010c\u203a\u00c4\u0083m\u0102\u02d8ntul pentru prelucrarea datelor prelucrate pe baz\u00c4\u0083 de consim\u010c\u203a\u00c4\u0083m\u0102\u02d8nt;<br \/>\n\u00e2\u20ac\u02d8 Dreptul la \u010c\u2122tergerea datelor dumneavoastr\u00c4\u0083 cu caracter personal, \u0102\u00aen situa\u010c\u203aiile \u0102\u00aen care v-a\u010c\u203ai retras consim\u010c\u203a\u00c4\u0083m\u0102\u02d8ntul, prelucrarea nu mai este necesar\u00c4\u0083 sau prelucrarea respectiv\u00c4\u0083 este contrar\u00c4\u0083 legii;<br \/>\n\u00e2\u20ac\u02d8 Dreptul la portabilitatea datelor ce v\u00c4\u0083 permite s\u00c4\u0083 primi\u010c\u203ai o copie a datelor prelucrate pe care le-am primit de la dumneavoastr\u00c4\u0083 sau s\u00c4\u0083 le transmitem unei alte entit\u00c4\u0083\u010c\u203ai indicate de dumneavoastr\u00c4\u0083;<br \/>\n\u00e2\u20ac\u02d8 Dreptul de a v\u00c4\u0083 retrage consim\u010c\u203a\u00c4\u0083m\u0102\u02d8ntul pentru prelucr\u00c4\u0083rile efectuate pe baz\u00c4\u0083 de consim\u010c\u203a\u00c4\u0083m\u0102\u02d8nt. Retragerea consim\u010c\u203a\u00c4\u0083m\u0102\u02d8ntului dumneavoastr\u00c4\u0083 nu va afecta legalitatea prelucr\u00c4\u0083rii pe baza consim\u010c\u203a\u00c4\u0083m\u0102\u02d8ntului de dinaintea retragerii acestuia. \u0102\u017dn cazurile \u0102\u00aen care v\u00c4\u0083 retrage\u010c\u203ai consim\u010c\u203a\u00c4\u0083m\u0102\u02d8ntul, Lancetti Transport SRL nu va mai prelucra datele dumneavoastr\u00c4\u0083 cu caracter personal \u010c\u2122i va lua m\u00c4\u0083surile corespunz\u00c4\u0083toare pentru \u010c\u2122tergerea datelor dumneavoastr\u00c4\u0083 cu caracter personal. Lancetti Transport SRL va putea, totu\u010c\u2122i, prelucra datele dvs. cu caracter personal dac\u00c4\u0083 exist\u00c4\u0083 un alt temei legal pentru respectiva prelucrare.<br \/>\nDac\u00c4\u0083 dori\u010c\u203ai s\u00c4\u0083 v\u00c4\u0083 exercita\u010c\u203ai drepturile men\u010c\u203aionate mai sus, v\u00c4\u0083 rug\u00c4\u0083m s\u00c4\u0083 ne contacta\u010c\u203ai, folosind urm\u00c4\u0083toarele detalii de contact:<br \/>\n\u00e2\u20ac\u02d8 ADRESAStr. Uzinelor 78A, Oradea, Bihor, Romania, 410605<br \/>\n\u00e2\u20ac\u02d8 E-mail:\u00c2\u00a0 secretariat@lancetti.ro; office@lancetti.ro<br \/>\n\u00e2\u20ac\u02d8 Fax: +40259414602; Tel.0259414601<br \/>\n\u0102\u017dn ceea ce prive\u010c\u2122te comunic\u00c4\u0083rile de marketing primite de la noi, pute\u010c\u203ai, de asemenea, s\u00c4\u0083 v\u00c4\u0083 retrage\u010c\u203ai consim\u010c\u203a\u00c4\u0083m\u0102\u02d8ntul \u0102\u00aen orice moment prin simpla accesare a linkului de \u00e2\u20ac\u0165dezabonare\u00e2\u20ac\u0165 de la subsolul fiec\u00c4\u0083rui mesaj primit prin e-mail de la noi.<br \/>\nPentru a ne conforma obliga\u010c\u203aiilor legale de securitate \u010c\u2122i confiden\u010c\u203aialitate a datelor ce ne revin, atunci c\u0102\u02d8nd v\u00c4\u0083 exercita\u010c\u203ai unul dintre drepturile de care beneficia\u010c\u203ai \u0102\u00aen calitate de persoan\u00c4\u0083 vizat\u00c4\u0083, este posibil s\u00c4\u0083 v\u00c4\u0083 cerem s\u00c4\u0083 v\u00c4\u0083 dovedi\u010c\u203ai identitatea, comunic\u0102\u02d8ndu-ne o copie unui document identificare sau orice alte informa\u010c\u203aii necesare pentru a verifica faptul c\u00c4\u0083 solicitarea vine din partea persoanei vizate relevante.<br \/>\nVom lua \u0102\u00aen considerare orice solicit\u00c4\u0083ri sau pl\u0102\u02d8ngeri pe care le primim \u010c\u2122i v\u00c4\u0083 vom transmite un r\u00c4\u0083spuns cu respectarea termenelor prev\u00c4\u0083zute de lege. Dac\u00c4\u0083 nu sunte\u010c\u203ai mul\u010c\u203aumit de r\u00c4\u0083spunsul nostru sau considera\u010c\u203ai c\u00c4\u0083 prelucrarea este f\u00c4\u0083cut\u00c4\u0083 cu \u0102\u00aenc\u00c4\u0083lcarea legisla\u010c\u203aiei aplicabile, pute\u010c\u203ai formula o pl\u0102\u02d8ngere la autoritatea de supraveghere a datelor din Rom\u0102\u02d8nia:\u00c2\u00a0Autoritatea Na\u010c\u203aional\u00c4\u0083 de Supraveghere a Prelucr\u00c4\u0083rii Datelor cu Caracter Personal \u00e2\u20ac\u201c cu sediul \u0102\u00aen Bd. Gheorghe Magheru nr. 28-30, Bucure\u010c\u2122ti, Rom\u0102\u02d8nia.<\/p>\n<p><strong>ACTUALIZ\u00c4\u201aRI ALE ACESTEI POLITICI DE PRELUCRARE A DATELOR CU CARACTER PERSONAL<\/strong><br \/>\nCea mai recent\u00c4\u0083 actualizare a acestei Politici de Prelucrare a Datelor cu Caracter Personal a fost realizat\u00c4\u0083 \u0102\u00aen luna Mai 2018. Ne rezerv\u00c4\u0083m dreptul de a actualiza \u010c\u2122i modifica periodic aceast\u00c4\u0083 Politic\u00c4\u0083 de Prelucrare a Datelor cu Caracter Personal, pentru a reflecta orice modific\u00c4\u0083ri ale modului \u0102\u00aen care prelucr\u00c4\u0083m datele dumneavoastr\u00c4\u0083 cu caracter personal sau orice modific\u00c4\u0083ri ale cerin\u010c\u203aelor legale. \u0102\u017dn cazul oric\u00c4\u0083rei astfel de modific\u00c4\u0083ri, vom afi\u010c\u2122a pe pagina noastr\u00c4\u0083 de internet versiunea modificat\u00c4\u0083 a Politicii de Prelucrare a Datelor cu Caracter Personal \u010c\u2122i\/sau o v\u00c4\u0083 vom pune la dispozi\u010c\u203aie \u0102\u00aen alt mod.<\/p>\n<\/div>\n","protected":false},"excerpt":{"rendered":"<p>POLITICA DE PRELUCRARE A DATELOR CU CARACTER PERSONAL ANGAJAMENTUL NOSTRU CU PRIVIRE LA DATELE DUMNEAVOASTR\u00c4\u201a CU CARACTER PERSONAL Politica de Prelucrare a Datelor cu Caracter Personal descrie categoriile datelor dumneavoastr\u00c4\u0083 cu caracter personal&#8230;<\/p>\n","protected":false},"author":1,"featured_media":0,"parent":0,"menu_order":0,"comment_status":"closed","ping_status":"closed","template":"","meta":{"footnotes":""},"_links":{"self":[{"href":"https:\/\/www.tractaricamioaneauto.ro\/index.php?rest_route=\/wp\/v2\/pages\/1419"}],"collection":[{"href":"https:\/\/www.tractaricamioaneauto.ro\/index.php?rest_route=\/wp\/v2\/pages"}],"about":[{"href":"https:\/\/www.tractaricamioaneauto.ro\/index.php?rest_route=\/wp\/v2\/types\/page"}],"author":[{"embeddable":true,"href":"https:\/\/www.tractaricamioaneauto.ro\/index.php?rest_route=\/wp\/v2\/users\/1"}],"replies":[{"embeddable":true,"href":"https:\/\/www.tractaricamioaneauto.ro\/index.php?rest_route=%2Fwp%2Fv2%2Fcomments&post=1419"}],"version-history":[{"count":1,"href":"https:\/\/www.tractaricamioaneauto.ro\/index.php?rest_route=\/wp\/v2\/pages\/1419\/revisions"}],"predecessor-version":[{"id":1421,"href":"https:\/\/www.tractaricamioaneauto.ro\/index.php?rest_route=\/wp\/v2\/pages\/1419\/revisions\/1421"}],"wp:attachment":[{"href":"https:\/\/www.tractaricamioaneauto.ro\/index.php?rest_route=%2Fwp%2Fv2%2Fmedia&parent=1419"}],"curies":[{"name":"wp","href":"https:\/\/api.w.org\/{rel}","templated":true}]}}